{"id":3,"date":"2021-10-04T10:32:33","date_gmt":"2021-10-04T10:32:33","guid":{"rendered":"https:\/\/support.quizmacher.ch\/?page_id=3"},"modified":"2021-10-10T13:30:51","modified_gmt":"2021-10-10T13:30:51","slug":"privacy-policy","status":"publish","type":"page","link":"https:\/\/support.quizmacher.ch\/?page_id=3","title":{"rendered":"Datenschutz"},"content":{"rendered":"\n<h2 class=\"wp-block-heading\">\u00dcber uns<\/h2>\n\n\n\n<p><strong class=\"privacy-policy-tutorial\">Unsere Website-Adresse ist<\/strong> https:\/\/support.quizmacher.ch. Wir stellen unsere Software f\u00fcr Quizmoderatoren und Veranstalter zur Verf\u00fcgung und bieten so einen besonders einfachen Weg ein eigenes Quiz zu erstellen. Dieser Supportbereich ist ausschliesslich f\u00fcr unsere Kunden\/Interessierte Personen vorgesehen.<\/p>\n\n\n\n<p><\/p>\n\n\n\n<h2 class=\"wp-block-heading\">Cookies<\/h2>\n\n\n\n<p>Wenn Du ein Ticket (eine Supportanfrage) erstellst wird auf Opt-In-Basis ein Cookie gesetzt, das deinen angegebenen Namen und deine E-Mail-Adresse speichert. Dieses Cookie ist zur Vereinfachung, falls du sp\u00e4ter erneut eine Anfrage erstellen willst werden diese Angaben im Formular vorausgef\u00fcllt. Diese Cookies bestehen f\u00fcr die Zeit von einem Jahr.<\/p>\n\n\n\n<p><\/p>\n\n\n\n<h2 class=\"wp-block-heading\">Deine Rechte \u00fcber Deine Daten<\/h2>\n\n\n\n<p>Auf Anfrage k\u00f6nnen wir dir eine \u00dcbersicht deiner Daten zukommen lassen. Ebenso werden wir deine Daten auf Wunsch l\u00f6schen.<\/p>\n\n\n\n<p><\/p>\n\n\n\n<h2 class=\"wp-block-heading\">Wir geben Deine Daten nicht weiter<\/h2>\n\n\n\n<p>Wir teilen die Daten mit keiner externen Partei. Die gespeicherten Daten dienen einzig der Problembehebung\/Auskunft zu deinen Supportanfragen.<\/p>\n","protected":false},"excerpt":{"rendered":"<p>\u00dcber uns Unsere Website-Adresse ist https:\/\/support.quizmacher.ch. Wir stellen unsere Software f\u00fcr Quizmoderatoren und Veranstalter zur Verf\u00fcgung und bieten so einen besonders einfachen Weg ein eigenes Quiz zu erstellen. Dieser Supportbereich ist ausschliesslich f\u00fcr unsere Kunden\/Interessierte Personen vorgesehen. Cookies Wenn Du ein Ticket (eine Supportanfrage) erstellst wird auf Opt-In-Basis ein Cookie gesetzt, das deinen angegebenen Namen [&hellip;]<\/p>\n","protected":false},"author":1,"featured_media":0,"parent":0,"menu_order":0,"comment_status":"closed","ping_status":"closed","template":"","meta":{"footnotes":""},"class_list":["post-3","page","type-page","status-publish","hentry"],"_links":{"self":[{"href":"https:\/\/support.quizmacher.ch\/index.php?rest_route=\/wp\/v2\/pages\/3","targetHints":{"allow":["GET"]}}],"collection":[{"href":"https:\/\/support.quizmacher.ch\/index.php?rest_route=\/wp\/v2\/pages"}],"about":[{"href":"https:\/\/support.quizmacher.ch\/index.php?rest_route=\/wp\/v2\/types\/page"}],"author":[{"embeddable":true,"href":"https:\/\/support.quizmacher.ch\/index.php?rest_route=\/wp\/v2\/users\/1"}],"replies":[{"embeddable":true,"href":"https:\/\/support.quizmacher.ch\/index.php?rest_route=%2Fwp%2Fv2%2Fcomments&post=3"}],"version-history":[{"count":1,"href":"https:\/\/support.quizmacher.ch\/index.php?rest_route=\/wp\/v2\/pages\/3\/revisions"}],"predecessor-version":[{"id":121,"href":"https:\/\/support.quizmacher.ch\/index.php?rest_route=\/wp\/v2\/pages\/3\/revisions\/121"}],"wp:attachment":[{"href":"https:\/\/support.quizmacher.ch\/index.php?rest_route=%2Fwp%2Fv2%2Fmedia&parent=3"}],"curies":[{"name":"wp","href":"https:\/\/api.w.org\/{rel}","templated":true}]}}